{"id":62,"date":"2021-02-10T01:09:48","date_gmt":"2021-02-10T01:09:48","guid":{"rendered":"https:\/\/ingetec.com.sv\/tecnologia-medica\/?post_type=product&#038;p=62"},"modified":"2022-10-15T07:15:52","modified_gmt":"2022-10-15T13:15:52","slug":"prueba","status":"publish","type":"product","link":"https:\/\/ingetec.com.sv\/tecnologia-medica\/?product=prueba","title":{"rendered":"Electrocardiografo 6 canales"},"content":{"rendered":"<p>Electrocardi\u00f3grafo de 6 canales con pantalla TFT de 8 pulgadas y con teclado alfanum\u00e9rico. Derivaciones standard y precordiales. Con detecci\u00f3n de marcapasos, funciones de interpretaci\u00f3n y sistemas de filtrado incorporado que permiten una se\u00f1al libre de interferencias y artefactos. Incluye accesorios.<\/p>\n<ul>\n<li>ECG de 6 canales con interpretaci\u00f3n<\/li>\n<li>Pantalla t\u00e1ctil de 8 pulgadas<\/li>\n<li>Nuevo estilo del men\u00fa y del interfaz, con flujo de trabajo aerodin\u00e1mico<\/li>\n<li>Funci\u00f3n de detecci\u00f3n de los marcapasos<\/li>\n<li>Congelaci\u00f3n en tiempo real de la forma de onda<\/li>\n<li>Funci\u00f3n autom\u00e1tica para ampliar la impresi\u00f3n una vez se detecta arritmia<\/li>\n<li>Varios formatos de datos: JPG, XML, DICOM<\/li>\n<li>Hasta 1500 archivos salvados en memoria interna<\/li>\n<li>Explorador del c\u00f3digo de barras<\/li>\n<li>Software de gesti\u00f3n de datos (opcional)<\/li>\n<\/ul>\n","protected":false},"excerpt":{"rendered":"<p class=\"qua-blog-post-description\">Electrocardi\u00f3grafo de 6 canales con pantalla TFT de 8 pulgadas y con teclado alfanum\u00e9rico. Derivaciones standard y precordiales. Con detecci\u00f3n de marcapasos, funciones de interpretaci\u00f3n y sistemas de filtrado incorporado que permiten una se\u00f1al libre de interferencias y artefactos. Incluye accesorios.<\/p>\n","protected":false},"featured_media":211,"comment_status":"open","ping_status":"closed","template":"","meta":{"spay_email":""},"_links":{"self":[{"href":"https:\/\/ingetec.com.sv\/tecnologia-medica\/index.php?rest_route=\/wp\/v2\/product\/62"}],"collection":[{"href":"https:\/\/ingetec.com.sv\/tecnologia-medica\/index.php?rest_route=\/wp\/v2\/product"}],"about":[{"href":"https:\/\/ingetec.com.sv\/tecnologia-medica\/index.php?rest_route=\/wp\/v2\/types\/product"}],"replies":[{"embeddable":true,"href":"https:\/\/ingetec.com.sv\/tecnologia-medica\/index.php?rest_route=%2Fwp%2Fv2%2Fcomments&post=62"}],"wp:featuredmedia":[{"embeddable":true,"href":"https:\/\/ingetec.com.sv\/tecnologia-medica\/index.php?rest_route=\/wp\/v2\/media\/211"}],"wp:attachment":[{"href":"https:\/\/ingetec.com.sv\/tecnologia-medica\/index.php?rest_route=%2Fwp%2Fv2%2Fmedia&parent=62"}],"curies":[{"name":"wp","href":"https:\/\/api.w.org\/{rel}","templated":true}]}}