{"id":60,"date":"2021-02-10T00:59:30","date_gmt":"2021-02-10T00:59:30","guid":{"rendered":"https:\/\/ingetec.com.sv\/tecnologia-medica\/?product=producto-22"},"modified":"2022-11-18T05:03:04","modified_gmt":"2022-11-18T11:03:04","slug":"producto-22","status":"publish","type":"product","link":"https:\/\/ingetec.com.sv\/tecnologia-medica\/?product=producto-22","title":{"rendered":"Monitor de Signos Vitales"},"content":{"rendered":"<ul>\n<li>12.1 Pantalla de Alto Brillo TFT LCD<\/li>\n<li>Dise\u00f1o de Manejo Port\u00e1til y Aerodin\u00e1mico<\/li>\n<li>Lecturas ECG, SPO2, NIBP, RESP, 2-TEMP, PR<\/li>\n<li>Bater\u00eda de Litio Recargable incluida<\/li>\n<li>Formas de Onda ECG de 7 Gu\u00edas que se muestran en una sola pantalla<\/li>\n<li>72 Horas de Graficas y Tabulaciones de Tendencias de todos los par\u00e1metros<\/li>\n<li>72 Eventos de alarma en todos los par\u00e1metros<\/li>\n<li>32 segundos de verificaci\u00f3n de la forma de onda<\/li>\n<li>Permite guardar 500 medidas de informaci\u00f3n de NIBP<\/li>\n<li>El Color de la Informaci\u00f3n y la forma de onda es ajustable<\/li>\n<li>An\u00e1lisis de arritmia y de segmentos S-T<\/li>\n<li>Perfecto para Adulto, ni\u00f1os y bebes.<\/li>\n<\/ul>\n<p>&nbsp;<\/p>\n","protected":false},"excerpt":{"rendered":"<p class=\"qua-blog-post-description\">Monitor Multipar\u00e1metros \/ Marca: Contec \/ Modelo: CMS 8000 \/ Origen: China<\/p>\n<p class=\"qua-blog-post-description\">Par\u00e1metros Est\u00e1ndar Incluidos: ECG(5 Conexiones), SpO2 Adulto (Saturaci\u00f3n de O2), NIBP (Presi\u00f3n No Invasiva), TEMP (Temperatura), HP y PR. Opcional Precisi\u00f3n Invasiva PI y Capn\u00f3grafo CO2<\/p>\n","protected":false},"featured_media":220,"comment_status":"open","ping_status":"closed","template":"","meta":{"spay_email":""},"_links":{"self":[{"href":"https:\/\/ingetec.com.sv\/tecnologia-medica\/index.php?rest_route=\/wp\/v2\/product\/60"}],"collection":[{"href":"https:\/\/ingetec.com.sv\/tecnologia-medica\/index.php?rest_route=\/wp\/v2\/product"}],"about":[{"href":"https:\/\/ingetec.com.sv\/tecnologia-medica\/index.php?rest_route=\/wp\/v2\/types\/product"}],"replies":[{"embeddable":true,"href":"https:\/\/ingetec.com.sv\/tecnologia-medica\/index.php?rest_route=%2Fwp%2Fv2%2Fcomments&post=60"}],"wp:featuredmedia":[{"embeddable":true,"href":"https:\/\/ingetec.com.sv\/tecnologia-medica\/index.php?rest_route=\/wp\/v2\/media\/220"}],"wp:attachment":[{"href":"https:\/\/ingetec.com.sv\/tecnologia-medica\/index.php?rest_route=%2Fwp%2Fv2%2Fmedia&parent=60"}],"curies":[{"name":"wp","href":"https:\/\/api.w.org\/{rel}","templated":true}]}}