{"id":57,"date":"2021-02-10T00:59:30","date_gmt":"2021-02-10T00:59:30","guid":{"rendered":"https:\/\/ingetec.com.sv\/tecnologia-medica\/?product=producto-19"},"modified":"2022-01-24T14:30:04","modified_gmt":"2022-01-24T20:30:04","slug":"producto-19","status":"publish","type":"product","link":"https:\/\/ingetec.com.sv\/tecnologia-medica\/?product=producto-19","title":{"rendered":"B\u00e1scula para adulto (Tipo 1)"},"content":{"rendered":"<p>Balanza mec\u00e1nica para medici\u00f3n de peso de adultos.<\/p>\n<ul>\n<li>Capacidad m\u00e1xima de 160kg.<\/li>\n<li>Graduaci\u00f3n 500gr<\/li>\n<li>Plataforma met\u00e1lica con superficie de vinil<\/li>\n<li>Dimensiones: 32cm de ancho, 7cm de alto, 43cm de largo.<\/li>\n<li>Pesaje con gran precisi\u00f3n.<\/li>\n<li>Peso 2.4kg<\/li>\n<\/ul>\n","protected":false},"excerpt":{"rendered":"<p class=\"qua-blog-post-description\">Balanza mec\u00e1nica para medici\u00f3n de peso de adultos.<\/p>\n","protected":false},"featured_media":566,"comment_status":"open","ping_status":"closed","template":"","meta":{"spay_email":""},"_links":{"self":[{"href":"https:\/\/ingetec.com.sv\/tecnologia-medica\/index.php?rest_route=\/wp\/v2\/product\/57"}],"collection":[{"href":"https:\/\/ingetec.com.sv\/tecnologia-medica\/index.php?rest_route=\/wp\/v2\/product"}],"about":[{"href":"https:\/\/ingetec.com.sv\/tecnologia-medica\/index.php?rest_route=\/wp\/v2\/types\/product"}],"replies":[{"embeddable":true,"href":"https:\/\/ingetec.com.sv\/tecnologia-medica\/index.php?rest_route=%2Fwp%2Fv2%2Fcomments&post=57"}],"wp:featuredmedia":[{"embeddable":true,"href":"https:\/\/ingetec.com.sv\/tecnologia-medica\/index.php?rest_route=\/wp\/v2\/media\/566"}],"wp:attachment":[{"href":"https:\/\/ingetec.com.sv\/tecnologia-medica\/index.php?rest_route=%2Fwp%2Fv2%2Fmedia&parent=57"}],"curies":[{"name":"wp","href":"https:\/\/api.w.org\/{rel}","templated":true}]}}