{"id":56,"date":"2021-02-10T00:59:30","date_gmt":"2021-02-10T00:59:30","guid":{"rendered":"https:\/\/ingetec.com.sv\/tecnologia-medica\/?product=producto-18"},"modified":"2022-01-22T09:22:10","modified_gmt":"2022-01-22T15:22:10","slug":"producto-18","status":"publish","type":"product","link":"https:\/\/ingetec.com.sv\/tecnologia-medica\/?product=producto-18","title":{"rendered":"B\u00e1scula para adulto (Tipo 2)"},"content":{"rendered":"<p>Balanza mec\u00e1nica para medici\u00f3n de peso de adultos.<\/p>\n<ul>\n<li>Capacidad m\u00e1xima de 120kg.<\/li>\n<li>Plataforma es de goma.<\/li>\n<li>Dimensiones: 26cm de ancho, 6cm de alto, 27cm de largo.<\/li>\n<li>Pesaje con gran precisi\u00f3n.<\/li>\n<\/ul>\n","protected":false},"excerpt":{"rendered":"<p class=\"qua-blog-post-description\">Balanza mec\u00e1nica para medici\u00f3n de peso de adultos. Capacidad m\u00e1xima de 120kg. Plataforma es de goma. Dimensiones: 26cm de ancho, 6cm de alto, 27cm de largo. Pesaje con gran precisi\u00f3n.<\/p>\n","protected":false},"featured_media":567,"comment_status":"open","ping_status":"closed","template":"","meta":{"spay_email":""},"_links":{"self":[{"href":"https:\/\/ingetec.com.sv\/tecnologia-medica\/index.php?rest_route=\/wp\/v2\/product\/56"}],"collection":[{"href":"https:\/\/ingetec.com.sv\/tecnologia-medica\/index.php?rest_route=\/wp\/v2\/product"}],"about":[{"href":"https:\/\/ingetec.com.sv\/tecnologia-medica\/index.php?rest_route=\/wp\/v2\/types\/product"}],"replies":[{"embeddable":true,"href":"https:\/\/ingetec.com.sv\/tecnologia-medica\/index.php?rest_route=%2Fwp%2Fv2%2Fcomments&post=56"}],"wp:featuredmedia":[{"embeddable":true,"href":"https:\/\/ingetec.com.sv\/tecnologia-medica\/index.php?rest_route=\/wp\/v2\/media\/567"}],"wp:attachment":[{"href":"https:\/\/ingetec.com.sv\/tecnologia-medica\/index.php?rest_route=%2Fwp%2Fv2%2Fmedia&parent=56"}],"curies":[{"name":"wp","href":"https:\/\/api.w.org\/{rel}","templated":true}]}}