{"id":55,"date":"2021-02-10T00:59:30","date_gmt":"2021-02-10T00:59:30","guid":{"rendered":"https:\/\/ingetec.com.sv\/tecnologia-medica\/?product=producto-17"},"modified":"2022-01-21T17:53:08","modified_gmt":"2022-01-21T23:53:08","slug":"producto-17","status":"publish","type":"product","link":"https:\/\/ingetec.com.sv\/tecnologia-medica\/?product=producto-17","title":{"rendered":"B\u00e1scula para Reci\u00e9n Nacido"},"content":{"rendered":"<p>Balanza mec\u00e1nica que est\u00e1 dise\u00f1ada para beb\u00e9s y ni\u00f1os peque\u00f1os.<\/p>\n<ul>\n<li>Dise\u00f1o Moderno, Resistente y Seguro.<\/li>\n<li>Capacidad: 16 kg.<\/li>\n<li>Divisi\u00f3n: 10 g.<\/li>\n<li>Dimensiones de la b\u00e1scula (LxAxP): 57 cm x 20 cm x 30 cm<\/li>\n<li>Peso de la b\u00e1scula: 5.8 kg<\/li>\n<li>Base con Sistema Antideslizante.<\/li>\n<li>Base Desmontable con Sistema de Fijaci\u00f3n<\/li>\n<li>Funciones: ajuste manual de cero y Tara<\/li>\n<\/ul>\n","protected":false},"excerpt":{"rendered":"<p class=\"qua-blog-post-description\">Balanza mec\u00e1nica que est\u00e1 dise\u00f1ada para beb\u00e9s y ni\u00f1os peque\u00f1os. Dise\u00f1o Moderno, Resistente y Seguro. Capacidad: 16 kg. Divisi\u00f3n: 10 g. Dimensiones de la b\u00e1scula (LxAxP): 57 cm x 20 cm x 30 cm Peso de la b\u00e1scula: 5.8 kg Base con Sistema Antideslizante. Base Desmontable con Sistema de Fijaci\u00f3n Funciones: ajuste manual de cero [&hellip;]<\/p>\n","protected":false},"featured_media":229,"comment_status":"open","ping_status":"closed","template":"","meta":{"spay_email":""},"_links":{"self":[{"href":"https:\/\/ingetec.com.sv\/tecnologia-medica\/index.php?rest_route=\/wp\/v2\/product\/55"}],"collection":[{"href":"https:\/\/ingetec.com.sv\/tecnologia-medica\/index.php?rest_route=\/wp\/v2\/product"}],"about":[{"href":"https:\/\/ingetec.com.sv\/tecnologia-medica\/index.php?rest_route=\/wp\/v2\/types\/product"}],"replies":[{"embeddable":true,"href":"https:\/\/ingetec.com.sv\/tecnologia-medica\/index.php?rest_route=%2Fwp%2Fv2%2Fcomments&post=55"}],"wp:featuredmedia":[{"embeddable":true,"href":"https:\/\/ingetec.com.sv\/tecnologia-medica\/index.php?rest_route=\/wp\/v2\/media\/229"}],"wp:attachment":[{"href":"https:\/\/ingetec.com.sv\/tecnologia-medica\/index.php?rest_route=%2Fwp%2Fv2%2Fmedia&parent=55"}],"curies":[{"name":"wp","href":"https:\/\/api.w.org\/{rel}","templated":true}]}}