{"id":54,"date":"2021-02-10T00:59:30","date_gmt":"2021-02-10T00:59:30","guid":{"rendered":"https:\/\/ingetec.com.sv\/tecnologia-medica\/?product=producto-16"},"modified":"2022-05-23T01:49:10","modified_gmt":"2022-05-23T07:49:10","slug":"producto-16","status":"publish","type":"product","link":"https:\/\/ingetec.com.sv\/tecnologia-medica\/?product=producto-16","title":{"rendered":"Ox\u00edmetro de pulso"},"content":{"rendered":"<p>Ox\u00edmetro de pulso SPO2 Monitor de saturaci\u00f3n de ox\u00edgeno en sangre con pantalla de Alto brillo LED \/ LCD. &#8211; Sensor de ox\u00edgeno port\u00e1til con bater\u00edas y bola de transporte incluidas.<\/p>\n<ul>\n<li>Tipo pantalla LED\/ LCD<\/li>\n<li>SpO2 Rango medici\u00f3n: 70%~100%<\/li>\n<li>Exactitud: 70%~100%: \u00b12%; 0%~69%<\/li>\n<li>Resoluci\u00f3n: 1%<\/li>\n<li>Pulso Exactitud: 30bpm~99bpm, \u00b12bpm; 100bpm~235bpm, \u00b12%<\/li>\n<li>Resoluci\u00f3n: 1bpm<\/li>\n<li>Dos bater\u00edas alcalinas tipo AAA<\/li>\n<li>Consumo corriente: menor que 40mA<\/li>\n<li>Duraci\u00f3n bater\u00eda: Dos bater\u00edas alcalinas tipo AAA 1.5V, 1200mAh pueden funcionar continuamente durante 18 horas.<\/li>\n<\/ul>\n<p>&nbsp;<\/p>\n","protected":false},"excerpt":{"rendered":"<p class=\"qua-blog-post-description\">Ox\u00edmetro de pulso SPO2 Monitor de saturaci\u00f3n de ox\u00edgeno en sangre con pantalla de Alto brillo LED \/ LCD. &#8211; Sensor de ox\u00edgeno port\u00e1til con bater\u00edas y bola de transporte incluidas. Tipo pantalla LED\/ LCD SpO2 Rango medici\u00f3n: 70%~100% Exactitud: 70%~100%: \u00b12%; 0%~69% Resoluci\u00f3n: 1% Pulso Exactitud: 30bpm~99bpm, \u00b12bpm; 100bpm~235bpm, \u00b12% Resoluci\u00f3n: 1bpm Dos bater\u00edas [&hellip;]<\/p>\n","protected":false},"featured_media":227,"comment_status":"open","ping_status":"closed","template":"","meta":{"spay_email":""},"_links":{"self":[{"href":"https:\/\/ingetec.com.sv\/tecnologia-medica\/index.php?rest_route=\/wp\/v2\/product\/54"}],"collection":[{"href":"https:\/\/ingetec.com.sv\/tecnologia-medica\/index.php?rest_route=\/wp\/v2\/product"}],"about":[{"href":"https:\/\/ingetec.com.sv\/tecnologia-medica\/index.php?rest_route=\/wp\/v2\/types\/product"}],"replies":[{"embeddable":true,"href":"https:\/\/ingetec.com.sv\/tecnologia-medica\/index.php?rest_route=%2Fwp%2Fv2%2Fcomments&post=54"}],"wp:featuredmedia":[{"embeddable":true,"href":"https:\/\/ingetec.com.sv\/tecnologia-medica\/index.php?rest_route=\/wp\/v2\/media\/227"}],"wp:attachment":[{"href":"https:\/\/ingetec.com.sv\/tecnologia-medica\/index.php?rest_route=%2Fwp%2Fv2%2Fmedia&parent=54"}],"curies":[{"name":"wp","href":"https:\/\/api.w.org\/{rel}","templated":true}]}}