{"id":53,"date":"2021-02-10T00:59:30","date_gmt":"2021-02-10T00:59:30","guid":{"rendered":"https:\/\/ingetec.com.sv\/tecnologia-medica\/?product=producto-15"},"modified":"2024-05-18T18:44:42","modified_gmt":"2024-05-19T00:44:42","slug":"producto-15","status":"publish","type":"product","link":"https:\/\/ingetec.com.sv\/tecnologia-medica\/?product=producto-15","title":{"rendered":"Aspirador de secreciones orofar\u00edngeo"},"content":{"rendered":"<p>Unidad de succi\u00f3n con soporte, el\u00e9ctrico y libre de aceite. Succi\u00f3n en orofaringe, tr\u00e1quea y procedimientos menores.<\/p>\n<ul>\n<li>Unidad de succi\u00f3n con soporte, el\u00e9ctrico y libre de aceite<\/li>\n<li>Succi\u00f3n en orofaringe, tr\u00e1quea y procedimientos menores<\/li>\n<li>Flujo: 0-34LPM<\/li>\n<li>Nivel de ruido: 45dB<\/li>\n<li>Presi\u00f3n de succi\u00f3n hasta 620mmHg<\/li>\n<li>Frasco recolector de 2 litros fabricado en policarbonato, mangueras para interconexi\u00f3n<\/li>\n<li>Incluye filtro hidrof\u00f3bico, 1 frasco y carro para transporte.<\/li>\n<\/ul>\n","protected":false},"excerpt":{"rendered":"<p class=\"qua-blog-post-description\">Unidad de succi\u00f3n con soporte, el\u00e9ctrico y libre de aceite. Succi\u00f3n en orofaringe, tr\u00e1quea y procedimientos menores.<\/p>\n","protected":false},"featured_media":225,"comment_status":"open","ping_status":"closed","template":"","meta":{"spay_email":""},"_links":{"self":[{"href":"https:\/\/ingetec.com.sv\/tecnologia-medica\/index.php?rest_route=\/wp\/v2\/product\/53"}],"collection":[{"href":"https:\/\/ingetec.com.sv\/tecnologia-medica\/index.php?rest_route=\/wp\/v2\/product"}],"about":[{"href":"https:\/\/ingetec.com.sv\/tecnologia-medica\/index.php?rest_route=\/wp\/v2\/types\/product"}],"replies":[{"embeddable":true,"href":"https:\/\/ingetec.com.sv\/tecnologia-medica\/index.php?rest_route=%2Fwp%2Fv2%2Fcomments&post=53"}],"wp:featuredmedia":[{"embeddable":true,"href":"https:\/\/ingetec.com.sv\/tecnologia-medica\/index.php?rest_route=\/wp\/v2\/media\/225"}],"wp:attachment":[{"href":"https:\/\/ingetec.com.sv\/tecnologia-medica\/index.php?rest_route=%2Fwp%2Fv2%2Fmedia&parent=53"}],"curies":[{"name":"wp","href":"https:\/\/api.w.org\/{rel}","templated":true}]}}