{"id":52,"date":"2021-02-10T00:59:30","date_gmt":"2021-02-10T00:59:30","guid":{"rendered":"https:\/\/ingetec.com.sv\/tecnologia-medica\/?product=producto-14"},"modified":"2022-01-21T11:03:09","modified_gmt":"2022-01-21T17:03:09","slug":"producto-14","status":"publish","type":"product","link":"https:\/\/ingetec.com.sv\/tecnologia-medica\/?product=producto-14","title":{"rendered":"Aspirador Quirurgico"},"content":{"rendered":"<p>Equipo de succi\u00f3n que puede ser utilizado en un amplio rango de aplicaciones Obstetricia, Endoscop\u00eda y m\u00e1s. Succi\u00f3n ajustable, bajo ruido y vibraci\u00f3n. Seguridad de sobre flujo autom\u00e1tica.<\/p>\n<ul>\n<li>Equipo de Succi\u00f3n para procesos quir\u00fargicos como Obstetricia, Endoscop\u00eda, entre otros.<\/li>\n<li>Presi\u00f3n regulable<\/li>\n<li>Flujo de hasta 40LPM<\/li>\n<li>Seguridad autom\u00e1tica de sobre flujo<\/li>\n<li>Pedal para activaci\u00f3n de succi\u00f3n.<\/li>\n<li>Recipiente para secreciones de Policarbonato<\/li>\n<li>Incluye kit de mangueras de interconexi\u00f3n del equipo y carro para f\u00e1cil transporte<\/li>\n<\/ul>\n","protected":false},"excerpt":{"rendered":"<p class=\"qua-blog-post-description\">Equipo de succi\u00f3n que puede ser utilizado en un amplio rango de aplicaciones Obstetricia, Endoscop\u00eda y m\u00e1s. Succi\u00f3n ajustable, bajo ruido y vibraci\u00f3n. Seguridad de sobre flujo autom\u00e1tica.<\/p>\n","protected":false},"featured_media":223,"comment_status":"open","ping_status":"closed","template":"","meta":{"spay_email":""},"_links":{"self":[{"href":"https:\/\/ingetec.com.sv\/tecnologia-medica\/index.php?rest_route=\/wp\/v2\/product\/52"}],"collection":[{"href":"https:\/\/ingetec.com.sv\/tecnologia-medica\/index.php?rest_route=\/wp\/v2\/product"}],"about":[{"href":"https:\/\/ingetec.com.sv\/tecnologia-medica\/index.php?rest_route=\/wp\/v2\/types\/product"}],"replies":[{"embeddable":true,"href":"https:\/\/ingetec.com.sv\/tecnologia-medica\/index.php?rest_route=%2Fwp%2Fv2%2Fcomments&post=52"}],"wp:featuredmedia":[{"embeddable":true,"href":"https:\/\/ingetec.com.sv\/tecnologia-medica\/index.php?rest_route=\/wp\/v2\/media\/223"}],"wp:attachment":[{"href":"https:\/\/ingetec.com.sv\/tecnologia-medica\/index.php?rest_route=%2Fwp%2Fv2%2Fmedia&parent=52"}],"curies":[{"name":"wp","href":"https:\/\/api.w.org\/{rel}","templated":true}]}}