{"id":368,"date":"2016-11-16T04:53:08","date_gmt":"2016-11-16T04:53:08","guid":{"rendered":"http:\/\/localhost\/architect\/?page_id=368"},"modified":"2021-05-25T18:31:37","modified_gmt":"2021-05-25T18:31:37","slug":"service-list","status":"publish","type":"page","link":"https:\/\/ingetec.com.sv\/ingenieria-y-arquitectura\/?page_id=368","title":{"rendered":"PLANIFICACI\u00d3N Y FACTIBILIDAD DE PROYECTOS"},"content":{"rendered":"<p>[vc_section content_placement=&#8221;middle&#8221;][vc_row][vc_column][vc_custom_heading text=&#8221;PLANIFICACION Y FACTIBILIDAD DE PROYECTOS&#8221; font_container=&#8221;tag:h2|text_align:center&#8221; google_fonts=&#8221;font_family:Maven%20Pro%3Aregular%2C500%2C700%2C900|font_style:400%20regular%3A400%3Anormal&#8221;][\/vc_column][\/vc_row][\/vc_section][vc_row][vc_column][vc_empty_space][vc_row_inner content_placement=&#8221;middle&#8221;][vc_column_inner el_class=&#8221;center&#8221; width=&#8221;1\/2&#8243;][vc_column_text]<\/p>\n<p style=\"text-align: left;\">Antes de comenzar la construcci\u00f3n de cualquier proyecto de infraestructura, recomendamos llevar a cabo la fase de planeaci\u00f3n y validaci\u00f3n del proyecto, aqu\u00ed se identifican aspectos tanto t\u00e9cnicos, legales, as\u00ed como de inversi\u00f3n de lo que se vaya a edificar.<\/p>\n<p style=\"text-align: left;\">Un proyecto de construcci\u00f3n es mucho m\u00e1s que la mera acci\u00f3n de levantar una edificaci\u00f3n. Tambi\u00e9n son documentos, planos, ideas, permisos, presupuestos y fases que terminar\u00e1n por darle forma al proyecto \u00a0que en un principio se visualiz\u00f3n.<\/p>\n<p style=\"text-align: left;\">Para coadyuvar el esfuerzo de un propietario, en hacer realidad un proyecto de construcci\u00f3n, INGETEC S.A. de C.V. propone entre los servicios que ofrece las siguientes fases para la etapa de planificaci\u00f3n de un proyecto:<\/p>\n<p>&nbsp;[\/vc_column_text][\/vc_column_inner][vc_column_inner width=&#8221;1\/2&#8243;][vc_single_image image=&#8221;1772&#8243; img_size=&#8221;full&#8221; alignment=&#8221;center&#8221;][\/vc_column_inner][\/vc_row_inner][vc_row_inner content_placement=&#8221;middle&#8221;][vc_column_inner el_class=&#8221;center&#8221;][vc_column_text]&nbsp;<\/p>\n<p><strong>1- Idea del Proyecto:<\/strong><\/p>\n<p>La primera fase del futuro proyecto es realizar una adecuada concepci\u00f3n de la idea que del proyecto, que a su vez debe estar dimensionada y contextualizada a partir de necesidades reales.<\/p>\n<p>&nbsp;<\/p>\n<p><strong>2- Levantamiento de Informaci\u00f3n:<\/strong><\/p>\n<p>El primer paso consiste en recabar y analizar toda la informaci\u00f3n posible relacionada con el proyecto, de tal forma \u00a0que permita elaborar un diagn\u00f3stico de la situaci\u00f3n existente: terreno, estado de edificaciones existentes (si fuera el caso), demanda proyectada de uso, organizaci\u00f3n, documentaci\u00f3n historia, etc.<\/p>\n<p><strong>\u00a0<\/strong><\/p>\n<p><strong>3- Estudios Previos:<\/strong><\/p>\n<p>Luego que la idea ha sido aprobada, se deben llevar a cabo los an\u00e1lisis y estudios preliminares para determinar la viabilidad que tiene la futura construcci\u00f3n.<\/p>\n<ul>\n<li>An\u00e1lisis de las vulnerabilidades propias del sitio de la obra (topograf\u00eda, caracter\u00edsticas del suelo, hidrolog\u00eda, etc.)<\/li>\n<li>An\u00e1lisis del impacto social, ambiental y econ\u00f3mico del proyecto en la zona del proyecto.<\/li>\n<li>An\u00e1lisis costo-beneficio del proyecto.<\/li>\n<li>Disponibilidad de servicios b\u00e1sicos, etc<\/li>\n<\/ul>\n<p>&nbsp;<\/p>\n<p><strong>4- Anteproyecto:<\/strong><\/p>\n<p>Nuestros especialistas en Arquitectura y en las Ingenier\u00edas proceden a elaborar el Anteproyecto, que es la primer expresi\u00f3n gr\u00e1fica y documental de la idea del proyecto, lo que permite realizar un an\u00e1lisis m\u00e1s detallado con respecto al estado del terreno, identificar las posibles dificultades y soluciones a implementar, estimar con mayor certidumbre un presupuesto del valor total de la edificaci\u00f3n, etc.<\/p>\n<p>.<\/p>\n<p><strong>5- Tramitolog\u00eda Preliminar<\/strong>:<\/p>\n<p>Previo a iniciar la etapa para elaborar el dise\u00f1o definitivo del proyecto, nuestro Especialista en Tramite realiza las investigaciones y gestiones correspondientes para obtener las resoluciones y factibilidades institucionales que regularan y son requisitos para las etapas siguientes.[\/vc_column_text][\/vc_column_inner][\/vc_row_inner][\/vc_column][\/vc_row]<\/p>\n","protected":false},"excerpt":{"rendered":"<p>[vc_section content_placement=&#8221;middle&#8221;][vc_row][vc_column][vc_custom_heading text=&#8221;PLANIFICACION Y FACTIBILIDAD DE PROYECTOS&#8221; font_container=&#8221;tag:h2|text_align:center&#8221; google_fonts=&#8221;font_family:Maven%20Pro%3Aregular%2C500%2C700%2C900|font_style:400%20regular%3A400%3Anormal&#8221;][\/vc_column][\/vc_row][\/vc_section][vc_row][vc_column][vc_empty_space][vc_row_inner content_placement=&#8221;middle&#8221;][vc_column_inner el_class=&#8221;center&#8221; width=&#8221;1\/2&#8243;][vc_column_text] Antes de comenzar la construcci\u00f3n de cualquier proyecto de infraestructura, recomendamos llevar a cabo la fase de planeaci\u00f3n y validaci\u00f3n del proyecto, aqu\u00ed se identifican aspectos tanto t\u00e9cnicos, legales, as\u00ed como de inversi\u00f3n de lo que se vaya a edificar. Un proyecto de [&hellip;]<\/p>\n","protected":false},"author":2,"featured_media":0,"parent":148,"menu_order":0,"comment_status":"closed","ping_status":"closed","template":"page-templates\/template-fullwidth.php","meta":[],"_links":{"self":[{"href":"https:\/\/ingetec.com.sv\/ingenieria-y-arquitectura\/index.php?rest_route=\/wp\/v2\/pages\/368"}],"collection":[{"href":"https:\/\/ingetec.com.sv\/ingenieria-y-arquitectura\/index.php?rest_route=\/wp\/v2\/pages"}],"about":[{"href":"https:\/\/ingetec.com.sv\/ingenieria-y-arquitectura\/index.php?rest_route=\/wp\/v2\/types\/page"}],"author":[{"embeddable":true,"href":"https:\/\/ingetec.com.sv\/ingenieria-y-arquitectura\/index.php?rest_route=\/wp\/v2\/users\/2"}],"replies":[{"embeddable":true,"href":"https:\/\/ingetec.com.sv\/ingenieria-y-arquitectura\/index.php?rest_route=%2Fwp%2Fv2%2Fcomments&post=368"}],"version-history":[{"count":42,"href":"https:\/\/ingetec.com.sv\/ingenieria-y-arquitectura\/index.php?rest_route=\/wp\/v2\/pages\/368\/revisions"}],"predecessor-version":[{"id":1815,"href":"https:\/\/ingetec.com.sv\/ingenieria-y-arquitectura\/index.php?rest_route=\/wp\/v2\/pages\/368\/revisions\/1815"}],"up":[{"embeddable":true,"href":"https:\/\/ingetec.com.sv\/ingenieria-y-arquitectura\/index.php?rest_route=\/wp\/v2\/pages\/148"}],"wp:attachment":[{"href":"https:\/\/ingetec.com.sv\/ingenieria-y-arquitectura\/index.php?rest_route=%2Fwp%2Fv2%2Fmedia&parent=368"}],"curies":[{"name":"wp","href":"https:\/\/api.w.org\/{rel}","templated":true}]}}