{"id":1900,"date":"2021-06-03T17:12:12","date_gmt":"2021-06-03T17:12:12","guid":{"rendered":"https:\/\/ingetec.com.sv\/ingenieria-y-arquitectura\/?page_id=1900"},"modified":"2021-06-03T18:03:11","modified_gmt":"2021-06-03T18:03:11","slug":"etapa-de-diseno","status":"publish","type":"page","link":"https:\/\/ingetec.com.sv\/ingenieria-y-arquitectura\/?page_id=1900","title":{"rendered":"Etapa de Dise\u00f1o"},"content":{"rendered":"<p>[vc_section][\/vc_section][vc_row][vc_column][vc_empty_space height=&#8221;52px&#8221;][\/vc_column][\/vc_row][vc_section][vc_row][vc_column width=&#8221;1\/2&#8243;][vc_column_text]<strong><u>SUPERVISI\u00d3N DE ETAPA DE ELABORACI\u00d3N DEL DISE\u00d1O<\/u><\/strong><strong>.<\/strong><\/p>\n<p>&nbsp;<\/p>\n<p>INGETEC supervisa la elaboraci\u00f3n de todos los productos que conforman el dise\u00f1o final.<\/p>\n<ul>\n<li>Verifica que los dise\u00f1os sean elaborados por profesionales id\u00f3neos y sean los aprobados para tal fin.<\/li>\n<li>Da seguimiento al proceso de dise\u00f1o, garantizando que el contratista cumpla la metodolog\u00eda y programa de trabajo con las condiciones t\u00e9cnicas requeridas.<\/li>\n<li>Garantiza que los dise\u00f1os de todas especialidades cumplan con las directrices emanadas de los correspondientes documentos contractuales, tanto para los alcances de las intervenciones de la infraestructura como para los aspectos relacionados a los impactos ambientales.<\/li>\n<li>Verifica que le contratista realice los estudios t\u00e9cnicos (topograf\u00eda, estudio de suelos, levantamiento de situaci\u00f3n actual, estudios estructurales, etc.) que fueran necesarios realizar para poder respaldar y realizar los dise\u00f1os en todas las especialidades.<\/li>\n<li>Garantiza que los criterios arquitect\u00f3nicos y estructurales as\u00ed como los requerimientos de instalaciones a considerar para el dise\u00f1o de la nueva infraestructura aseguren la funcionalidad y seguridad estructural y no estructural de las edificaciones.<\/li>\n<li>Revisa que el dise\u00f1o final sea elaborado conforme a las especificaciones y normativas t\u00e9cnicas indicada por el propietario<\/li>\n<li>Revisar y aprobar el Dise\u00f1o Final, Planos y Especificaciones T\u00e9cnicas, presupuesto, y dem\u00e1s documentos que conforman el dise\u00f1o final del proyecto.<\/li>\n<\/ul>\n<p>[\/vc_column_text][vc_single_image image=&#8221;1821&#8243; img_size=&#8221;large&#8221;][\/vc_column][vc_column width=&#8221;1\/2&#8243;][vc_column_text]<strong>La supervisi\u00f3n de la etapa de dise\u00f1o incluye las siguientes actividades:<\/strong><\/p>\n<p>&nbsp;<\/p>\n<p><strong><em>a. Aprobaci\u00f3n y verificar cumplimiento del Plan de Trabajo<\/em>.<\/strong><br \/>\nDesde el inicio de la etapa de elaboraci\u00f3n del dise\u00f1o, INGETEC aprobara y da seguimiento al Plan de Trabajo y Plan de Control del contratista, verificando que las actividades est\u00e9n organizadas bajo un orden l\u00f3gico y t\u00e9cnico, cronol\u00f3gicamente factible para el cumplimiento\u00a0 contractual, y que permita y garantice la elaboraci\u00f3n de los productos con la calidad e integralidad requerida.<\/p>\n<p><strong><em>b. Verificaci\u00f3n de Situaci\u00f3n Actual<\/em>.<br \/>\n<\/strong>INGETEC verifica que el contratista, previo a iniciar con el dise\u00f1o, realice el levantamiento de\u00a0 situaci\u00f3n existente en las edificaciones a intervenir (si aplica), con el objetivo de identificar a detalle los componentes y cantidades de obra a conservar, rehabilitar, y\/o demoler. Se verificar\u00e1 entre otros la necesidad de realizar estudios t\u00e9cnicos.<\/p>\n<p><strong><em>c. Supervisi\u00f3n y Control de Calidad de Estudio T\u00e9cnicos.<br \/>\n<\/em><\/strong>Tomando en cuenta los alcances de las edificaciones a construir o las \u00a0intervenciones y mejoras a realizar en las edificaciones existentes, INGETEC desarrollar\u00e1 la verificaci\u00f3n de todos los estudios t\u00e9cnicos que sean necesarios realizar para que sirvan de insumo y den el sustento t\u00e9cnico a los dise\u00f1os que se elaboraren.<\/p>\n<p><em><strong>d. Revisi\u00f3n y aprobaci\u00f3n de Anteproyecto.<\/strong><br \/>\n<\/em>A partir de los requerimientos de espacios propios del proyecto, INGETEC realiza la revisi\u00f3n y verificaci\u00f3n del Anteproyecto de la intervenci\u00f3n a desarrollar, garantizando la incorporaci\u00f3n y utilizaci\u00f3n de los criterios de dise\u00f1o indicados por el propietario y los criterios establecidos por la normativa aplicable. Adicionalmente se verificar\u00e1 que el anteproyecto incluya soluciones de espacios y posibles trayectorias para las instalaciones de las diferentes redes (electricidad, hidr\u00e1ulica, vapor, aire acondicionado, etc.).<\/p>\n<p><strong><em>e. Revisi\u00f3n y aprobaci\u00f3n de Dise\u00f1o Final<\/em>.<br \/>\n<\/strong>INGETEC verifica que todos los productos que conformen el dise\u00f1o final cumplan con todos los requerimientos contractuales y t\u00e9cnicos para permitir la construcci\u00f3n de las edificaciones de acuerdo a lo solicitado.<\/p>\n<p><strong><em>f. Gesti\u00f3n para Obtenci\u00f3n de Permisos y Factibilidades.<br \/>\n<\/em><\/strong>INGETEC verifica que el contratista realice, de ser necesario, las gestiones y tr\u00e1mites para obtener los permiso, resoluciones y\/o factibilidades que sean requeridos para el proceso de construcci\u00f3n y puesta en marcha de las edificaciones e instalaciones[\/vc_column_text][\/vc_column][\/vc_row][\/vc_section]<\/p>\n","protected":false},"excerpt":{"rendered":"<p>[vc_section][\/vc_section][vc_row][vc_column][vc_empty_space height=&#8221;52px&#8221;][\/vc_column][\/vc_row][vc_section][vc_row][vc_column width=&#8221;1\/2&#8243;][vc_column_text]SUPERVISI\u00d3N DE ETAPA DE ELABORACI\u00d3N DEL DISE\u00d1O. &nbsp; INGETEC supervisa la elaboraci\u00f3n de todos los productos que conforman el dise\u00f1o final. Verifica que los dise\u00f1os sean elaborados por profesionales id\u00f3neos y sean los aprobados para tal fin. Da seguimiento al proceso de dise\u00f1o, garantizando que el contratista cumpla la metodolog\u00eda y programa de [&hellip;]<\/p>\n","protected":false},"author":1,"featured_media":0,"parent":0,"menu_order":0,"comment_status":"closed","ping_status":"closed","template":"page-templates\/template-fullwidth.php","meta":[],"_links":{"self":[{"href":"https:\/\/ingetec.com.sv\/ingenieria-y-arquitectura\/index.php?rest_route=\/wp\/v2\/pages\/1900"}],"collection":[{"href":"https:\/\/ingetec.com.sv\/ingenieria-y-arquitectura\/index.php?rest_route=\/wp\/v2\/pages"}],"about":[{"href":"https:\/\/ingetec.com.sv\/ingenieria-y-arquitectura\/index.php?rest_route=\/wp\/v2\/types\/page"}],"author":[{"embeddable":true,"href":"https:\/\/ingetec.com.sv\/ingenieria-y-arquitectura\/index.php?rest_route=\/wp\/v2\/users\/1"}],"replies":[{"embeddable":true,"href":"https:\/\/ingetec.com.sv\/ingenieria-y-arquitectura\/index.php?rest_route=%2Fwp%2Fv2%2Fcomments&post=1900"}],"version-history":[{"count":6,"href":"https:\/\/ingetec.com.sv\/ingenieria-y-arquitectura\/index.php?rest_route=\/wp\/v2\/pages\/1900\/revisions"}],"predecessor-version":[{"id":1912,"href":"https:\/\/ingetec.com.sv\/ingenieria-y-arquitectura\/index.php?rest_route=\/wp\/v2\/pages\/1900\/revisions\/1912"}],"wp:attachment":[{"href":"https:\/\/ingetec.com.sv\/ingenieria-y-arquitectura\/index.php?rest_route=%2Fwp%2Fv2%2Fmedia&parent=1900"}],"curies":[{"name":"wp","href":"https:\/\/api.w.org\/{rel}","templated":true}]}}