{"id":1857,"date":"2021-05-25T20:12:23","date_gmt":"2021-05-25T20:12:23","guid":{"rendered":"https:\/\/ingetec.com.sv\/ingenieria-y-arquitectura\/?page_id=1857"},"modified":"2021-05-25T20:35:58","modified_gmt":"2021-05-25T20:35:58","slug":"control-plan-de-manejo-ambiental-y-social","status":"publish","type":"page","link":"https:\/\/ingetec.com.sv\/ingenieria-y-arquitectura\/?page_id=1857","title":{"rendered":"CONTROL PLAN DE MANEJO AMBIENTAL Y SOCIAL"},"content":{"rendered":"<p>[vc_row][vc_column][vc_column_text]<\/p>\n<h3 style=\"text-align: center;\"><span style=\"color: #000080;\"><strong>CONTROL PLAN DE MANEJO AMBIENTAL Y SOCIAL<\/strong><\/span><\/h3>\n<p style=\"text-align: center;\">Dentro de los servicios de supervisi\u00f3n ser\u00e1 ejecutado por la empresa INGETEC S.A. DE C.V. a trav\u00e9s de planificar, gestionar y controlar todas las acciones actividades destinadas a verificar que los las medidas ambientales y sociales identificadas en PMA sean cumplidas por el contratista.<\/p>\n<p>[\/vc_column_text][\/vc_column][\/vc_row][vc_row][vc_column][vc_single_image image=&#8221;1832&#8243; img_size=&#8221;full&#8221; alignment=&#8221;center&#8221;][\/vc_column][\/vc_row]<\/p>\n","protected":false},"excerpt":{"rendered":"<p>[vc_row][vc_column][vc_column_text] CONTROL PLAN DE MANEJO AMBIENTAL Y SOCIAL Dentro de los servicios de supervisi\u00f3n ser\u00e1 ejecutado por la empresa INGETEC S.A. DE C.V. a trav\u00e9s de planificar, gestionar y controlar todas las acciones actividades destinadas a verificar que los las medidas ambientales y sociales identificadas en PMA sean cumplidas por el contratista. [\/vc_column_text][\/vc_column][\/vc_row][vc_row][vc_column][vc_single_image image=&#8221;1832&#8243; img_size=&#8221;full&#8221; [&hellip;]<\/p>\n","protected":false},"author":1,"featured_media":0,"parent":1816,"menu_order":0,"comment_status":"closed","ping_status":"closed","template":"page-templates\/template-fullwidth.php","meta":[],"_links":{"self":[{"href":"https:\/\/ingetec.com.sv\/ingenieria-y-arquitectura\/index.php?rest_route=\/wp\/v2\/pages\/1857"}],"collection":[{"href":"https:\/\/ingetec.com.sv\/ingenieria-y-arquitectura\/index.php?rest_route=\/wp\/v2\/pages"}],"about":[{"href":"https:\/\/ingetec.com.sv\/ingenieria-y-arquitectura\/index.php?rest_route=\/wp\/v2\/types\/page"}],"author":[{"embeddable":true,"href":"https:\/\/ingetec.com.sv\/ingenieria-y-arquitectura\/index.php?rest_route=\/wp\/v2\/users\/1"}],"replies":[{"embeddable":true,"href":"https:\/\/ingetec.com.sv\/ingenieria-y-arquitectura\/index.php?rest_route=%2Fwp%2Fv2%2Fcomments&post=1857"}],"version-history":[{"count":3,"href":"https:\/\/ingetec.com.sv\/ingenieria-y-arquitectura\/index.php?rest_route=\/wp\/v2\/pages\/1857\/revisions"}],"predecessor-version":[{"id":1876,"href":"https:\/\/ingetec.com.sv\/ingenieria-y-arquitectura\/index.php?rest_route=\/wp\/v2\/pages\/1857\/revisions\/1876"}],"up":[{"embeddable":true,"href":"https:\/\/ingetec.com.sv\/ingenieria-y-arquitectura\/index.php?rest_route=\/wp\/v2\/pages\/1816"}],"wp:attachment":[{"href":"https:\/\/ingetec.com.sv\/ingenieria-y-arquitectura\/index.php?rest_route=%2Fwp%2Fv2%2Fmedia&parent=1857"}],"curies":[{"name":"wp","href":"https:\/\/api.w.org\/{rel}","templated":true}]}}