{"id":1844,"date":"2021-05-25T19:57:24","date_gmt":"2021-05-25T19:57:24","guid":{"rendered":"https:\/\/ingetec.com.sv\/ingenieria-y-arquitectura\/?page_id=1844"},"modified":"2021-05-25T20:31:52","modified_gmt":"2021-05-25T20:31:52","slug":"control-para-el-aseguramiento-de-la-calidad","status":"publish","type":"page","link":"https:\/\/ingetec.com.sv\/ingenieria-y-arquitectura\/?page_id=1844","title":{"rendered":"CONTROL PARA EL ASEGURAMIENTO DE LA CALIDAD"},"content":{"rendered":"<p>[vc_row][vc_column][vc_column_text]<\/p>\n<h3 style=\"text-align: center;\"><span style=\"color: #000080;\">CONTROL PARA EL ASEGURAMIENTO DE LA CALIDAD<\/span><\/h3>\n<p style=\"text-align: center;\">Dentro de los servicios de supervisi\u00f3n ser\u00e1 ejecutado por la empresa INGETEC S.A. DE C.V. a trav\u00e9s de planificar, gestionar y controlar todas las acciones \u00a0y actividades destinadas a garantizar que la empresa Constructora ejecute con calidad y seguridad las obras, y que todo el trabajo est\u00e9 de acuerdo con los planos, especificaciones t\u00e9cnicas, permiso de construcci\u00f3n y dem\u00e1s documentos t\u00e9cnicos relacionados con el dise\u00f1o.<\/p>\n<p>[\/vc_column_text][\/vc_column][\/vc_row][vc_row][vc_column][vc_single_image image=&#8221;1867&#8243; img_size=&#8221;full&#8221; alignment=&#8221;center&#8221;][vc_single_image image=&#8221;1868&#8243; img_size=&#8221;full&#8221; alignment=&#8221;center&#8221; style=&#8221;vc_box_shadow_3d&#8221;][\/vc_column][\/vc_row]<\/p>\n","protected":false},"excerpt":{"rendered":"<p>[vc_row][vc_column][vc_column_text] CONTROL PARA EL ASEGURAMIENTO DE LA CALIDAD Dentro de los servicios de supervisi\u00f3n ser\u00e1 ejecutado por la empresa INGETEC S.A. DE C.V. a trav\u00e9s de planificar, gestionar y controlar todas las acciones \u00a0y actividades destinadas a garantizar que la empresa Constructora ejecute con calidad y seguridad las obras, y que todo el trabajo est\u00e9 [&hellip;]<\/p>\n","protected":false},"author":1,"featured_media":0,"parent":1816,"menu_order":0,"comment_status":"closed","ping_status":"closed","template":"page-templates\/template-fullwidth.php","meta":[],"_links":{"self":[{"href":"https:\/\/ingetec.com.sv\/ingenieria-y-arquitectura\/index.php?rest_route=\/wp\/v2\/pages\/1844"}],"collection":[{"href":"https:\/\/ingetec.com.sv\/ingenieria-y-arquitectura\/index.php?rest_route=\/wp\/v2\/pages"}],"about":[{"href":"https:\/\/ingetec.com.sv\/ingenieria-y-arquitectura\/index.php?rest_route=\/wp\/v2\/types\/page"}],"author":[{"embeddable":true,"href":"https:\/\/ingetec.com.sv\/ingenieria-y-arquitectura\/index.php?rest_route=\/wp\/v2\/users\/1"}],"replies":[{"embeddable":true,"href":"https:\/\/ingetec.com.sv\/ingenieria-y-arquitectura\/index.php?rest_route=%2Fwp%2Fv2%2Fcomments&post=1844"}],"version-history":[{"count":4,"href":"https:\/\/ingetec.com.sv\/ingenieria-y-arquitectura\/index.php?rest_route=\/wp\/v2\/pages\/1844\/revisions"}],"predecessor-version":[{"id":1872,"href":"https:\/\/ingetec.com.sv\/ingenieria-y-arquitectura\/index.php?rest_route=\/wp\/v2\/pages\/1844\/revisions\/1872"}],"up":[{"embeddable":true,"href":"https:\/\/ingetec.com.sv\/ingenieria-y-arquitectura\/index.php?rest_route=\/wp\/v2\/pages\/1816"}],"wp:attachment":[{"href":"https:\/\/ingetec.com.sv\/ingenieria-y-arquitectura\/index.php?rest_route=%2Fwp%2Fv2%2Fmedia&parent=1844"}],"curies":[{"name":"wp","href":"https:\/\/api.w.org\/{rel}","templated":true}]}}